{"id":67909,"date":"2016-03-16T19:50:28","date_gmt":"2016-03-16T16:50:28","guid":{"rendered":"https:\/\/durukanrealestate.com\/iletisim\/"},"modified":"2026-01-05T14:42:31","modified_gmt":"2026-01-05T11:42:31","slug":"contact","status":"publish","type":"page","link":"https:\/\/durukanrealestate.com\/en\/contact\/","title":{"rendered":"Contact"},"content":{"rendered":"\t\t<div data-elementor-type=\"wp-post\" data-elementor-id=\"67909\" class=\"elementor elementor-67909 elementor-1100\">\n\t\t\t\t\t\t<section class=\"elementor-section elementor-top-section elementor-element elementor-element-1dd2a9ed elementor-section-boxed elementor-section-height-default elementor-section-height-default\" data-id=\"1dd2a9ed\" data-element_type=\"section\" data-e-type=\"section\">\n\t\t\t\t\t\t<div class=\"elementor-container elementor-column-gap-default\">\n\t\t\t\t\t<div class=\"elementor-column elementor-col-100 elementor-top-column elementor-element elementor-element-8cc5dc2\" data-id=\"8cc5dc2\" data-element_type=\"column\" data-e-type=\"column\">\n\t\t\t<div class=\"elementor-widget-wrap elementor-element-populated\">\n\t\t\t\t\t\t<div class=\"elementor-element elementor-element-40f5f50a elementor-widget elementor-widget-houzez_elementor_space\" data-id=\"40f5f50a\" data-element_type=\"widget\" data-e-type=\"widget\" data-widget_type=\"houzez_elementor_space.default\">\n\t\t\t\t<div class=\"elementor-widget-container\">\n\t\t\t\t\t        <div class=\"houzez-spacer\">\n            <div class=\"houzez-spacer-inner\"><\/div>\n        <\/div>\n        \t\t\t\t<\/div>\n\t\t\t\t<\/div>\n\t\t\t\t\t<\/div>\n\t\t<\/div>\n\t\t\t\t\t<\/div>\n\t\t<\/section>\n\t\t\t\t<section class=\"elementor-section elementor-top-section elementor-element elementor-element-304c53a8 elementor-section-content-top animated-slow elementor-section-boxed elementor-section-height-default elementor-section-height-default elementor-invisible\" data-id=\"304c53a8\" data-element_type=\"section\" data-e-type=\"section\" data-settings=\"{&quot;animation&quot;:&quot;fadeIn&quot;}\">\n\t\t\t\t\t\t<div class=\"elementor-container elementor-column-gap-default\">\n\t\t\t\t\t<div class=\"elementor-column elementor-col-100 elementor-top-column elementor-element elementor-element-14230b25\" data-id=\"14230b25\" data-element_type=\"column\" data-e-type=\"column\">\n\t\t\t<div class=\"elementor-widget-wrap elementor-element-populated\">\n\t\t\t\t\t\t<div class=\"elementor-element elementor-element-79b0d942 elementor-widget elementor-widget-text-editor\" data-id=\"79b0d942\" data-element_type=\"widget\" data-e-type=\"widget\" data-widget_type=\"text-editor.default\">\n\t\t\t\t<div class=\"elementor-widget-container\">\n\t\t\t\t\t\t\t\t\t<p class=\"padding-top\"><strong>Contact Us<\/strong><\/p><p><strong>\u0130stanbul Ofis<\/strong><br \/>Maslak Mh. Ta\u015fyoncas\u0131 Sk. A\u011fao\u011flu Maslak 1453 Sitesi T4-B Blok D:24 P.K.34398 Sar\u0131yer\/\u0130STANBUL<\/p><p>+90(532) 390 04 77<br \/>+90(212) 280 07 07<br \/>info@durukanrealestate.com<\/p><p><a href=\"https:\/\/durukanrealestate.sahibinden.com\/\" target=\"_blank\" rel=\"noopener\"><img decoding=\"async\" class=\"alignnone wp-image-21331 \" src=\"https:\/\/durukanrealestate.com\/wp-content\/uploads\/2021\/03\/sahibinden-150x150.png\" alt=\"sahibinden durukan\" width=\"48\" height=\"48\" \/>\u00a0\u00a0\u00a0\u00a0 <\/a><a href=\"https:\/\/www.hurriyetemlak.com\/emlak-ofisi\/durukan-real-estate-44764\" target=\"_blank\" rel=\"noopener\"><img decoding=\"async\" class=\"alignnone wp-image-21332\" src=\"https:\/\/durukanrealestate.com\/wp-content\/uploads\/2021\/03\/icon-hurriyet.png\" alt=\"hurriyetemlak durukan\" width=\"48\" height=\"48\" \/><\/a><\/p>\t\t\t\t\t\t\t\t<\/div>\n\t\t\t\t<\/div>\n\t\t\t\t<div class=\"elementor-element elementor-element-7315109 e-grid-align-left elementor-shape-circle elementor-grid-0 elementor-widget elementor-widget-social-icons\" data-id=\"7315109\" data-element_type=\"widget\" data-e-type=\"widget\" data-widget_type=\"social-icons.default\">\n\t\t\t\t<div class=\"elementor-widget-container\">\n\t\t\t\t\t\t\t<div class=\"elementor-social-icons-wrapper elementor-grid\" role=\"list\">\n\t\t\t\t\t\t\t<span class=\"elementor-grid-item\" role=\"listitem\">\n\t\t\t\t\t<a class=\"elementor-icon elementor-social-icon elementor-social-icon-facebook elementor-animation-shrink elementor-repeater-item-4d4e750\" href=\"https:\/\/www.facebook.com\/Durukan-Realestate-106698910918234\" target=\"_blank\">\n\t\t\t\t\t\t<span class=\"elementor-screen-only\">Facebook<\/span>\n\t\t\t\t\t\t<i aria-hidden=\"true\" class=\"fab fa-facebook\"><\/i>\t\t\t\t\t<\/a>\n\t\t\t\t<\/span>\n\t\t\t\t\t\t\t<span class=\"elementor-grid-item\" role=\"listitem\">\n\t\t\t\t\t<a class=\"elementor-icon elementor-social-icon elementor-social-icon-twitter elementor-animation-shrink elementor-repeater-item-a2d8d9c\" href=\"https:\/\/twitter.com\/durukanrealesta\" target=\"_blank\">\n\t\t\t\t\t\t<span class=\"elementor-screen-only\">Twitter<\/span>\n\t\t\t\t\t\t<i aria-hidden=\"true\" class=\"fab fa-twitter\"><\/i>\t\t\t\t\t<\/a>\n\t\t\t\t<\/span>\n\t\t\t\t\t\t\t<span class=\"elementor-grid-item\" role=\"listitem\">\n\t\t\t\t\t<a class=\"elementor-icon elementor-social-icon elementor-social-icon-youtube elementor-animation-shrink elementor-repeater-item-4483b35\" href=\"https:\/\/www.youtube.com\/channel\/UCYahN0OmRKtmHvjQHidxzWQ\" target=\"_blank\">\n\t\t\t\t\t\t<span class=\"elementor-screen-only\">Youtube<\/span>\n\t\t\t\t\t\t<i aria-hidden=\"true\" class=\"fab fa-youtube\"><\/i>\t\t\t\t\t<\/a>\n\t\t\t\t<\/span>\n\t\t\t\t\t\t\t<span class=\"elementor-grid-item\" role=\"listitem\">\n\t\t\t\t\t<a class=\"elementor-icon elementor-social-icon elementor-social-icon-instagram elementor-animation-shrink elementor-repeater-item-9e48d2c\" href=\"http:\/\/instagram.com\/durukanrealestate\" target=\"_blank\">\n\t\t\t\t\t\t<span class=\"elementor-screen-only\">Instagram<\/span>\n\t\t\t\t\t\t<i aria-hidden=\"true\" class=\"fab fa-instagram\"><\/i>\t\t\t\t\t<\/a>\n\t\t\t\t<\/span>\n\t\t\t\t\t<\/div>\n\t\t\t\t\t\t<\/div>\n\t\t\t\t<\/div>\n\t\t\t\t\t<\/div>\n\t\t<\/div>\n\t\t\t\t\t<\/div>\n\t\t<\/section>\n\t\t\t\t<section class=\"elementor-section elementor-top-section elementor-element elementor-element-38186efc elementor-section-stretched elementor-section-boxed elementor-section-height-default elementor-section-height-default\" data-id=\"38186efc\" data-element_type=\"section\" data-e-type=\"section\" data-settings=\"{&quot;stretch_section&quot;:&quot;section-stretched&quot;}\">\n\t\t\t\t\t\t<div class=\"elementor-container elementor-column-gap-default\">\n\t\t\t\t\t<div class=\"elementor-column elementor-col-100 elementor-top-column elementor-element elementor-element-4a2b0ea4\" data-id=\"4a2b0ea4\" data-element_type=\"column\" data-e-type=\"column\">\n\t\t\t<div class=\"elementor-widget-wrap elementor-element-populated\">\n\t\t\t\t\t\t<div class=\"elementor-element elementor-element-2c4f7c4a elementor-widget elementor-widget-spacer\" data-id=\"2c4f7c4a\" data-element_type=\"widget\" data-e-type=\"widget\" data-widget_type=\"spacer.default\">\n\t\t\t\t<div class=\"elementor-widget-container\">\n\t\t\t\t\t\t\t<div class=\"elementor-spacer\">\n\t\t\t<div class=\"elementor-spacer-inner\"><\/div>\n\t\t<\/div>\n\t\t\t\t\t\t<\/div>\n\t\t\t\t<\/div>\n\t\t\t\t<div class=\"elementor-element elementor-element-f11cdf0 elementor-widget elementor-widget-google_maps\" data-id=\"f11cdf0\" data-element_type=\"widget\" data-e-type=\"widget\" data-widget_type=\"google_maps.default\">\n\t\t\t\t<div class=\"elementor-widget-container\">\n\t\t\t\t\t\t\t<div class=\"elementor-custom-embed\">\n\t\t\t<iframe loading=\"lazy\"\n\t\t\t\t\tsrc=\"https:\/\/maps.google.com\/maps?q=Durukan%20RealEstate%20Dan%C4%B1%C5%9Fmanl%C4%B1k%2C%20Maslak%2C%20Maslak%20Mahallesi%20Ta%C5%9Fyoncas%C4%B1%20Sokak%20T4B%20Apt.%20B126%2C%2034485%20Sar%C4%B1yer%2F%C4%B0stanbul%2C%20T%C3%BCrkiye&#038;t=m&#038;z=15&#038;output=embed&#038;iwloc=near\"\n\t\t\t\t\ttitle=\"Durukan RealEstate Dan\u0131\u015fmanl\u0131k, Maslak, Maslak Mahallesi Ta\u015fyoncas\u0131 Sokak T4B Apt. B126, 34485 Sar\u0131yer\/\u0130stanbul, T\u00fcrkiye\"\n\t\t\t\t\taria-label=\"Durukan RealEstate Dan\u0131\u015fmanl\u0131k, Maslak, Maslak Mahallesi Ta\u015fyoncas\u0131 Sokak T4B Apt. B126, 34485 Sar\u0131yer\/\u0130stanbul, T\u00fcrkiye\"\n\t\t\t><\/iframe>\n\t\t<\/div>\n\t\t\t\t\t\t<\/div>\n\t\t\t\t<\/div>\n\t\t\t\t<div class=\"elementor-element elementor-element-b3ad0ad elementor-widget elementor-widget-spacer\" data-id=\"b3ad0ad\" data-element_type=\"widget\" data-e-type=\"widget\" data-widget_type=\"spacer.default\">\n\t\t\t\t<div class=\"elementor-widget-container\">\n\t\t\t\t\t\t\t<div class=\"elementor-spacer\">\n\t\t\t<div class=\"elementor-spacer-inner\"><\/div>\n\t\t<\/div>\n\t\t\t\t\t\t<\/div>\n\t\t\t\t<\/div>\n\t\t\t\t\t<\/div>\n\t\t<\/div>\n\t\t\t\t\t<\/div>\n\t\t<\/section>\n\t\t\t\t<\/div>\n\t\t","protected":false},"excerpt":{"rendered":"<p>Contact Us \u0130stanbul OfisMaslak Mh. Ta\u015fyoncas\u0131 Sk. A\u011fao\u011flu Maslak 1453 Sitesi T4-B Blok D:24 P.K.34398 Sar\u0131yer\/\u0130STANBUL +90(532) 390 04 77+90(212) 280 07 07info@durukanrealestate.com \u00a0\u00a0\u00a0\u00a0 Facebook Twitter Youtube Instagram<\/p>\n","protected":false},"author":2,"featured_media":0,"parent":0,"menu_order":0,"comment_status":"closed","ping_status":"closed","template":"elementor_header_footer","meta":{"footnotes":""},"class_list":["post-67909","page","type-page","status-publish","hentry"],"yoast_head":"<!-- This site is optimized with the Yoast SEO plugin v27.4 - https:\/\/yoast.com\/product\/yoast-seo-wordpress\/ -->\n<title>Contact - Durukan Real Estate<\/title>\n<meta name=\"description\" content=\"Portf\u00f6ylerim hakk\u0131nda detayl\u0131 bilgi almak i\u00e7in bizimle ileti\u015fime ge\u00e7in.Durukan Real Estate ileti\u015fim merkezi.\" \/>\n<meta name=\"robots\" content=\"index, follow, max-snippet:-1, max-image-preview:large, max-video-preview:-1\" \/>\n<link rel=\"canonical\" href=\"https:\/\/durukanrealestate.com\/en\/contact\/\" \/>\n<meta property=\"og:locale\" content=\"en_US\" \/>\n<meta property=\"og:type\" content=\"article\" \/>\n<meta property=\"og:title\" content=\"Contact - Durukan Real Estate\" \/>\n<meta property=\"og:description\" content=\"Portf\u00f6ylerim hakk\u0131nda detayl\u0131 bilgi almak i\u00e7in bizimle ileti\u015fime ge\u00e7in.Durukan Real Estate ileti\u015fim merkezi.\" \/>\n<meta property=\"og:url\" content=\"https:\/\/durukanrealestate.com\/en\/contact\/\" \/>\n<meta property=\"og:site_name\" content=\"Durukan Real Estate\" \/>\n<meta property=\"article:publisher\" content=\"https:\/\/www.facebook.com\/Durukan-Realestate-106698910918234\" \/>\n<meta property=\"article:modified_time\" content=\"2026-01-05T11:42:31+00:00\" \/>\n<meta name=\"twitter:card\" content=\"summary_large_image\" \/>\n<meta name=\"twitter:site\" content=\"@durukanrealesta\" \/>\n<meta name=\"twitter:label1\" content=\"Est. reading time\" \/>\n\t<meta name=\"twitter:data1\" content=\"1 minute\" \/>\n<script type=\"application\/ld+json\" class=\"yoast-schema-graph\">{\"@context\":\"https:\\\/\\\/schema.org\",\"@graph\":[{\"@type\":\"WebPage\",\"@id\":\"https:\\\/\\\/durukanrealestate.com\\\/en\\\/contact\\\/\",\"url\":\"https:\\\/\\\/durukanrealestate.com\\\/en\\\/contact\\\/\",\"name\":\"Contact - Durukan Real Estate\",\"isPartOf\":{\"@id\":\"https:\\\/\\\/durukanrealestate.com\\\/en\\\/#website\"},\"primaryImageOfPage\":{\"@id\":\"https:\\\/\\\/durukanrealestate.com\\\/en\\\/contact\\\/#primaryimage\"},\"image\":{\"@id\":\"https:\\\/\\\/durukanrealestate.com\\\/en\\\/contact\\\/#primaryimage\"},\"thumbnailUrl\":\"https:\\\/\\\/durukanrealestate.com\\\/wp-content\\\/uploads\\\/2021\\\/03\\\/sahibinden-150x150.png\",\"datePublished\":\"2016-03-16T16:50:28+00:00\",\"dateModified\":\"2026-01-05T11:42:31+00:00\",\"description\":\"Portf\u00f6ylerim hakk\u0131nda detayl\u0131 bilgi almak i\u00e7in bizimle ileti\u015fime ge\u00e7in.Durukan Real Estate ileti\u015fim merkezi.\",\"breadcrumb\":{\"@id\":\"https:\\\/\\\/durukanrealestate.com\\\/en\\\/contact\\\/#breadcrumb\"},\"inLanguage\":\"en-US\",\"potentialAction\":[{\"@type\":\"ReadAction\",\"target\":[\"https:\\\/\\\/durukanrealestate.com\\\/en\\\/contact\\\/\"]}]},{\"@type\":\"ImageObject\",\"inLanguage\":\"en-US\",\"@id\":\"https:\\\/\\\/durukanrealestate.com\\\/en\\\/contact\\\/#primaryimage\",\"url\":\"https:\\\/\\\/durukanrealestate.com\\\/wp-content\\\/uploads\\\/2021\\\/03\\\/sahibinden-150x150.png\",\"contentUrl\":\"https:\\\/\\\/durukanrealestate.com\\\/wp-content\\\/uploads\\\/2021\\\/03\\\/sahibinden-150x150.png\"},{\"@type\":\"BreadcrumbList\",\"@id\":\"https:\\\/\\\/durukanrealestate.com\\\/en\\\/contact\\\/#breadcrumb\",\"itemListElement\":[{\"@type\":\"ListItem\",\"position\":1,\"name\":\"Ana Sayfa\",\"item\":\"https:\\\/\\\/durukanrealestate.com\\\/en\\\/\"},{\"@type\":\"ListItem\",\"position\":2,\"name\":\"Contact\"}]},{\"@type\":\"WebSite\",\"@id\":\"https:\\\/\\\/durukanrealestate.com\\\/en\\\/#website\",\"url\":\"https:\\\/\\\/durukanrealestate.com\\\/en\\\/\",\"name\":\"Durukan Real Estate\",\"description\":\"\u015eehirdeki Hayalini Ke\u015ffet\",\"publisher\":{\"@id\":\"https:\\\/\\\/durukanrealestate.com\\\/en\\\/#organization\"},\"potentialAction\":[{\"@type\":\"SearchAction\",\"target\":{\"@type\":\"EntryPoint\",\"urlTemplate\":\"https:\\\/\\\/durukanrealestate.com\\\/en\\\/?s={search_term_string}\"},\"query-input\":{\"@type\":\"PropertyValueSpecification\",\"valueRequired\":true,\"valueName\":\"search_term_string\"}}],\"inLanguage\":\"en-US\"},{\"@type\":\"Organization\",\"@id\":\"https:\\\/\\\/durukanrealestate.com\\\/en\\\/#organization\",\"name\":\"Durukan Real Estate\",\"url\":\"https:\\\/\\\/durukanrealestate.com\\\/en\\\/\",\"logo\":{\"@type\":\"ImageObject\",\"inLanguage\":\"en-US\",\"@id\":\"https:\\\/\\\/durukanrealestate.com\\\/en\\\/#\\\/schema\\\/logo\\\/image\\\/\",\"url\":\"https:\\\/\\\/durukanrealestate.com\\\/wp-content\\\/uploads\\\/2020\\\/11\\\/logo.svg\",\"contentUrl\":\"https:\\\/\\\/durukanrealestate.com\\\/wp-content\\\/uploads\\\/2020\\\/11\\\/logo.svg\",\"width\":1,\"height\":1,\"caption\":\"Durukan Real Estate\"},\"image\":{\"@id\":\"https:\\\/\\\/durukanrealestate.com\\\/en\\\/#\\\/schema\\\/logo\\\/image\\\/\"},\"sameAs\":[\"https:\\\/\\\/www.facebook.com\\\/Durukan-Realestate-106698910918234\",\"https:\\\/\\\/x.com\\\/durukanrealesta\",\"https:\\\/\\\/www.instagram.com\\\/durukanrealestate\\\/\",\"https:\\\/\\\/www.youtube.com\\\/channel\\\/UCYahN0OmRKtmHvjQHidxzWQ\"]}]}<\/script>\n<!-- \/ Yoast SEO plugin. -->","yoast_head_json":{"title":"Contact - Durukan Real Estate","description":"Portf\u00f6ylerim hakk\u0131nda detayl\u0131 bilgi almak i\u00e7in bizimle ileti\u015fime ge\u00e7in.Durukan Real Estate ileti\u015fim merkezi.","robots":{"index":"index","follow":"follow","max-snippet":"max-snippet:-1","max-image-preview":"max-image-preview:large","max-video-preview":"max-video-preview:-1"},"canonical":"https:\/\/durukanrealestate.com\/en\/contact\/","og_locale":"en_US","og_type":"article","og_title":"Contact - Durukan Real Estate","og_description":"Portf\u00f6ylerim hakk\u0131nda detayl\u0131 bilgi almak i\u00e7in bizimle ileti\u015fime ge\u00e7in.Durukan Real Estate ileti\u015fim merkezi.","og_url":"https:\/\/durukanrealestate.com\/en\/contact\/","og_site_name":"Durukan Real Estate","article_publisher":"https:\/\/www.facebook.com\/Durukan-Realestate-106698910918234","article_modified_time":"2026-01-05T11:42:31+00:00","twitter_card":"summary_large_image","twitter_site":"@durukanrealesta","twitter_misc":{"Est. reading time":"1 minute"},"schema":{"@context":"https:\/\/schema.org","@graph":[{"@type":"WebPage","@id":"https:\/\/durukanrealestate.com\/en\/contact\/","url":"https:\/\/durukanrealestate.com\/en\/contact\/","name":"Contact - Durukan Real Estate","isPartOf":{"@id":"https:\/\/durukanrealestate.com\/en\/#website"},"primaryImageOfPage":{"@id":"https:\/\/durukanrealestate.com\/en\/contact\/#primaryimage"},"image":{"@id":"https:\/\/durukanrealestate.com\/en\/contact\/#primaryimage"},"thumbnailUrl":"https:\/\/durukanrealestate.com\/wp-content\/uploads\/2021\/03\/sahibinden-150x150.png","datePublished":"2016-03-16T16:50:28+00:00","dateModified":"2026-01-05T11:42:31+00:00","description":"Portf\u00f6ylerim hakk\u0131nda detayl\u0131 bilgi almak i\u00e7in bizimle ileti\u015fime ge\u00e7in.Durukan Real Estate ileti\u015fim merkezi.","breadcrumb":{"@id":"https:\/\/durukanrealestate.com\/en\/contact\/#breadcrumb"},"inLanguage":"en-US","potentialAction":[{"@type":"ReadAction","target":["https:\/\/durukanrealestate.com\/en\/contact\/"]}]},{"@type":"ImageObject","inLanguage":"en-US","@id":"https:\/\/durukanrealestate.com\/en\/contact\/#primaryimage","url":"https:\/\/durukanrealestate.com\/wp-content\/uploads\/2021\/03\/sahibinden-150x150.png","contentUrl":"https:\/\/durukanrealestate.com\/wp-content\/uploads\/2021\/03\/sahibinden-150x150.png"},{"@type":"BreadcrumbList","@id":"https:\/\/durukanrealestate.com\/en\/contact\/#breadcrumb","itemListElement":[{"@type":"ListItem","position":1,"name":"Ana Sayfa","item":"https:\/\/durukanrealestate.com\/en\/"},{"@type":"ListItem","position":2,"name":"Contact"}]},{"@type":"WebSite","@id":"https:\/\/durukanrealestate.com\/en\/#website","url":"https:\/\/durukanrealestate.com\/en\/","name":"Durukan Real Estate","description":"\u015eehirdeki Hayalini Ke\u015ffet","publisher":{"@id":"https:\/\/durukanrealestate.com\/en\/#organization"},"potentialAction":[{"@type":"SearchAction","target":{"@type":"EntryPoint","urlTemplate":"https:\/\/durukanrealestate.com\/en\/?s={search_term_string}"},"query-input":{"@type":"PropertyValueSpecification","valueRequired":true,"valueName":"search_term_string"}}],"inLanguage":"en-US"},{"@type":"Organization","@id":"https:\/\/durukanrealestate.com\/en\/#organization","name":"Durukan Real Estate","url":"https:\/\/durukanrealestate.com\/en\/","logo":{"@type":"ImageObject","inLanguage":"en-US","@id":"https:\/\/durukanrealestate.com\/en\/#\/schema\/logo\/image\/","url":"https:\/\/durukanrealestate.com\/wp-content\/uploads\/2020\/11\/logo.svg","contentUrl":"https:\/\/durukanrealestate.com\/wp-content\/uploads\/2020\/11\/logo.svg","width":1,"height":1,"caption":"Durukan Real Estate"},"image":{"@id":"https:\/\/durukanrealestate.com\/en\/#\/schema\/logo\/image\/"},"sameAs":["https:\/\/www.facebook.com\/Durukan-Realestate-106698910918234","https:\/\/x.com\/durukanrealesta","https:\/\/www.instagram.com\/durukanrealestate\/","https:\/\/www.youtube.com\/channel\/UCYahN0OmRKtmHvjQHidxzWQ"]}]}},"_links":{"self":[{"href":"https:\/\/durukanrealestate.com\/en\/wp-json\/wp\/v2\/pages\/67909","targetHints":{"allow":["GET"]}}],"collection":[{"href":"https:\/\/durukanrealestate.com\/en\/wp-json\/wp\/v2\/pages"}],"about":[{"href":"https:\/\/durukanrealestate.com\/en\/wp-json\/wp\/v2\/types\/page"}],"author":[{"embeddable":true,"href":"https:\/\/durukanrealestate.com\/en\/wp-json\/wp\/v2\/users\/2"}],"replies":[{"embeddable":true,"href":"https:\/\/durukanrealestate.com\/en\/wp-json\/wp\/v2\/comments?post=67909"}],"version-history":[{"count":5,"href":"https:\/\/durukanrealestate.com\/en\/wp-json\/wp\/v2\/pages\/67909\/revisions"}],"predecessor-version":[{"id":67916,"href":"https:\/\/durukanrealestate.com\/en\/wp-json\/wp\/v2\/pages\/67909\/revisions\/67916"}],"wp:attachment":[{"href":"https:\/\/durukanrealestate.com\/en\/wp-json\/wp\/v2\/media?parent=67909"}],"curies":[{"name":"wp","href":"https:\/\/api.w.org\/{rel}","templated":true}]}}